{"id":1089,"date":"2018-10-02T13:52:45","date_gmt":"2018-10-02T11:52:45","guid":{"rendered":"http:\/\/inovah.fr\/?page_id=1089"},"modified":"2023-09-03T19:24:14","modified_gmt":"2023-09-03T17:24:14","slug":"mentions-legales","status":"publish","type":"page","link":"https:\/\/inovah.fr\/index.php\/mentions-legales\/","title":{"rendered":"Mentions l\u00e9gales"},"content":{"rendered":"<p>[et_pb_section bb_built=\u00a0\u00bb1&Prime; next_background_color=\u00a0\u00bb#000000&Prime;][et_pb_row][et_pb_column type=\u00a0\u00bb4_4&Prime;][et_pb_text _builder_version=\u00a0\u00bb3.15&Prime; text_text_color=\u00a0\u00bb#323d47&Prime; text_font_size=\u00a0\u00bb16px\u00a0\u00bb text_font=\u00a0\u00bbRaleway||||||||\u00a0\u00bb custom_margin=\u00a0\u00bb70px||50px|\u00a0\u00bb]<\/p>\n<div class=\"yiv2293157127ydp675f525dtextwidget\"><\/div>\n<p><b>MENTIONS L\u00c9GALES<\/b><\/p>\n<p><em>Conform\u00e9ment aux dispositions de la loi n\u00b0 2004-575 du 21 juin 2004 pour la confiance en l\u2019\u00e9conomie num\u00e9rique, il est pr\u00e9cis\u00e9 aux utilisateurs du site INOVAH STRUCTURES l\u2019identit\u00e9 des diff\u00e9rents intervenants dans le cadre de sa r\u00e9alisation et de son suivi.<\/em><\/p>\n<p><b><br \/>\nEdition du site<br \/>\n<\/b>Le pr\u00e9sent site, accessible \u00e0 l\u2019URL http:\/\/inovah.fr\/, est \u00e9dit\u00e9 par :<br \/>\nINOVAH STRUCTURES, SARL unipersonnelle au capital de 1000,00 \u20ac, SIREN 517\u00a0666\u00a0079, dont le si\u00e8ge social est situ\u00e9 au Parc Activit\u00e9s Gautraie Ouest &#8211; 22230 TREMOREL &#8211; France, repr\u00e9sent\u00e9(e) par Micka\u00ebl KERNEIS et Yannick SIMON.<\/p>\n<p><b><br \/>\nH\u00e9bergement<br \/>\n<\/b>Le site est h\u00e9berg\u00e9 par la soci\u00e9t\u00e9 OVH SAS, situ\u00e9 2 rue Kellermann \u2013 BP 80157 \u2013 59053 Roubaix Cedex 1, (contact t\u00e9l\u00e9phonique ou email : 1007).<\/p>\n<p><b><br \/>\nDirecteurs de publication<br \/>\n<\/b>Les directeurs de la publication du site sont Micka\u00ebl KERNEIS et Yannick SIMON.<\/p>\n<p><b><br \/>\nNous contacter<br \/>\n<\/b>Par t\u00e9l\u00e9phone\u00a0: +33223256019<br \/>\nPar email\u00a0: contact@inovah.fr<br \/>\nPar courrier\u00a0: Parc Activit\u00e9s Gautraie Ouest &#8211; 22230 TREMOREL<\/p>\n<p><b><br \/>\nDonn\u00e9es personnelles<br \/>\n<\/b>Le traitement de vos donn\u00e9es \u00e0 caract\u00e8re personnel est r\u00e9gi par notre Charte du respect de la vie priv\u00e9e, disponible depuis la section \u00ab\u00a0Charte de Protection des Donn\u00e9es Personnelles\u00a0\u00bb, conform\u00e9ment au R\u00e8glement G\u00e9n\u00e9ral sur la Protection des Donn\u00e9es 2016\/679 du 27 avril 2016 (\u00abRGPD\u00bb).<\/p>\n<p>[\/et_pb_text][\/et_pb_column][\/et_pb_row][\/et_pb_section][et_pb_section bb_built=\u00a0\u00bb1&Prime; _builder_version=\u00a0\u00bb3.15&Prime; custom_padding=\u00a0\u00bb28px|0px|0|0px|false|false\u00a0\u00bb prev_background_color=\u00a0\u00bb#000000&Prime;][et_pb_row _builder_version=\u00a0\u00bb3.15&Prime;][et_pb_column type=\u00a0\u00bb4_4&Prime;][et_pb_text _builder_version=\u00a0\u00bb3.15&Prime; text_font=\u00a0\u00bb|700|||||||\u00a0\u00bb text_text_color=\u00a0\u00bb#323e48&Prime; text_font_size=\u00a0\u00bb20px\u00a0\u00bb link_text_color=\u00a0\u00bb#008fbc\u00a0\u00bb link_font_size=\u00a0\u00bb20px\u00a0\u00bb header_line_height=\u00a0\u00bb0.4em\u00a0\u00bb]<\/p>\n<p><img loading=\"lazy\" decoding=\"async\" class=\"alignnone wp-image-923 aligncenter\" src=\"http:\/\/inovah.fr\/wp-content\/uploads\/2018\/09\/Logo-inovah-generique-350x108.png\" alt=\"\" width=\"149\" height=\"48\" \/><\/p>\n<p style=\"text-align: center;\">Copyright \u00a9 2018 I <a href=\"http:\/\/inovah.fr\/index.php\/mentions-legales\/\">Mentions l\u00e9gales<\/a> I\u00a0<a href=\"http:\/\/inovah.fr\/index.php\/politique-de-confidentialite\/\" data-slimstat=\"5\">Politique de confidentialit\u00e9<\/a><\/p>\n<p>[\/et_pb_text][\/et_pb_column][\/et_pb_row][\/et_pb_section]<\/p>\n","protected":false},"excerpt":{"rendered":"<p><div class=\"et_pb_row et_pb_row_0 et_pb_row_empty\">\n\t\t\t\t\n\t\t\t\t\n\t\t\t\t\n\t\t\t\t\n\t\t\t\t\n\t\t\t<\/div> MENTIONS L\u00c9GALES Conform\u00e9ment aux dispositions de la loi n\u00b0 2004-575 du 21 juin 2004 pour la confiance en l\u2019\u00e9conomie num\u00e9rique, il est pr\u00e9cis\u00e9 aux utilisateurs du site INOVAH STRUCTURES l\u2019identit\u00e9 des diff\u00e9rents intervenants dans le cadre de sa r\u00e9alisation et de son suivi. Edition du site Le pr\u00e9sent site, accessible \u00e0 l\u2019URL http:\/\/inovah.fr\/, est [&hellip;]<\/p>\n","protected":false},"author":3,"featured_media":0,"parent":0,"menu_order":0,"comment_status":"closed","ping_status":"closed","template":"","meta":{"_et_pb_use_builder":"on","_et_pb_old_content":"","_et_gb_content_width":"","footnotes":""},"class_list":["post-1089","page","type-page","status-publish","hentry"],"_links":{"self":[{"href":"https:\/\/inovah.fr\/index.php\/wp-json\/wp\/v2\/pages\/1089","targetHints":{"allow":["GET"]}}],"collection":[{"href":"https:\/\/inovah.fr\/index.php\/wp-json\/wp\/v2\/pages"}],"about":[{"href":"https:\/\/inovah.fr\/index.php\/wp-json\/wp\/v2\/types\/page"}],"author":[{"embeddable":true,"href":"https:\/\/inovah.fr\/index.php\/wp-json\/wp\/v2\/users\/3"}],"replies":[{"embeddable":true,"href":"https:\/\/inovah.fr\/index.php\/wp-json\/wp\/v2\/comments?post=1089"}],"version-history":[{"count":12,"href":"https:\/\/inovah.fr\/index.php\/wp-json\/wp\/v2\/pages\/1089\/revisions"}],"predecessor-version":[{"id":1442,"href":"https:\/\/inovah.fr\/index.php\/wp-json\/wp\/v2\/pages\/1089\/revisions\/1442"}],"wp:attachment":[{"href":"https:\/\/inovah.fr\/index.php\/wp-json\/wp\/v2\/media?parent=1089"}],"curies":[{"name":"wp","href":"https:\/\/api.w.org\/{rel}","templated":true}]}}